{"id":76,"date":"2010-12-15T15:23:10","date_gmt":"2010-12-15T18:23:10","guid":{"rendered":"http:\/\/clientes.coodi.com.uy\/CHARLYSNACKS\/?page_id=76"},"modified":"2014-03-27T01:20:16","modified_gmt":"2014-03-27T01:20:16","slug":"contacto-2","status":"publish","type":"page","link":"http:\/\/www.charlysnacks.com.uy\/?page_id=76","title":{"rendered":"Contacto"},"content":{"rendered":"<h2><\/h2>\n<h5 style=\"text-align: left;\"><span style=\"color: #003366;\">Por informaci\u00f3n, consultas y sugerencias ll\u00e1menos al siguiente tel\u00e9fono o env\u00edenos un email. <\/span><\/h5>\n<h5 style=\"text-align: left;\"><span style=\"color: #003366;\">Nos contactaremos a la brevedad.<\/span><\/h5>\n<h5><\/h5>\n<p>&nbsp;<\/p>\n<h3><span style=\"color: #ff6600;\">Elaboraci\u00f3n:<\/span><\/h3>\n<p>DELKALOR S.A<\/p>\n<p>Parque Tecnol\u00f3gico Industrial. Hait\u00ed 1500<\/p>\n<p>Montevideo, Uruguay.<\/p>\n<p>&nbsp;<\/p>\n<h3><span style=\"color: #ff6600;\">Contacto:<\/span><\/h3>\n<p><strong>Tel\/Fax:<\/strong>\u00a0(598) 2315 2194<\/p>\n<p><strong>E-mail:<\/strong>\u00a0<a href=\"mailto:charlysnacks@montevideo.com.uy\">charlysnacks@montevideo.com.uy<\/a><\/p>\n<p><strong>Horario de atenci\u00f3n:<\/strong>\u00a0Lunes a Viernes de 8:00 a 16:00 hs.<\/p>\n<p>&nbsp;<\/p>\n<p>&nbsp;<\/p>\n<h3><span style=\"color: #003366;\"><strong>\u00a0<\/strong><\/span><strong>Gracias por visitar nuestro sitio<\/strong><\/h3>\n","protected":false},"excerpt":{"rendered":"<p>Por informaci\u00f3n, consultas y sugerencias ll\u00e1menos al siguiente tel\u00e9fono o env\u00edenos un email. Nos contactaremos a la brevedad. &nbsp; Elaboraci\u00f3n: DELKALOR S.A Parque Tecnol\u00f3gico Industrial. Hait\u00ed 1500 Montevideo, Uruguay. &nbsp; Contacto: Tel\/Fax:\u00a0(598) 2315 2194 E-mail:\u00a0charlysnacks@montevideo.com.uy Horario de atenci\u00f3n:\u00a0Lunes a Viernes de 8:00 a 16:00 hs. &nbsp; &nbsp; \u00a0Gracias por visitar nuestro sitio<\/p>\n","protected":false},"author":1,"featured_media":0,"parent":0,"menu_order":5,"comment_status":"closed","ping_status":"closed","template":"","meta":{"footnotes":""},"class_list":["post-76","page","type-page","status-publish","hentry"],"_links":{"self":[{"href":"http:\/\/www.charlysnacks.com.uy\/index.php?rest_route=\/wp\/v2\/pages\/76","targetHints":{"allow":["GET"]}}],"collection":[{"href":"http:\/\/www.charlysnacks.com.uy\/index.php?rest_route=\/wp\/v2\/pages"}],"about":[{"href":"http:\/\/www.charlysnacks.com.uy\/index.php?rest_route=\/wp\/v2\/types\/page"}],"author":[{"embeddable":true,"href":"http:\/\/www.charlysnacks.com.uy\/index.php?rest_route=\/wp\/v2\/users\/1"}],"replies":[{"embeddable":true,"href":"http:\/\/www.charlysnacks.com.uy\/index.php?rest_route=%2Fwp%2Fv2%2Fcomments&post=76"}],"version-history":[{"count":17,"href":"http:\/\/www.charlysnacks.com.uy\/index.php?rest_route=\/wp\/v2\/pages\/76\/revisions"}],"predecessor-version":[{"id":149,"href":"http:\/\/www.charlysnacks.com.uy\/index.php?rest_route=\/wp\/v2\/pages\/76\/revisions\/149"}],"wp:attachment":[{"href":"http:\/\/www.charlysnacks.com.uy\/index.php?rest_route=%2Fwp%2Fv2%2Fmedia&parent=76"}],"curies":[{"name":"wp","href":"https:\/\/api.w.org\/{rel}","templated":true}]}}